{"id":1221,"date":"2024-08-06T07:26:13","date_gmt":"2024-08-06T07:26:13","guid":{"rendered":"https:\/\/crownqu.com\/?page_id=1221"},"modified":"2024-08-06T07:48:10","modified_gmt":"2024-08-06T07:48:10","slug":"test","status":"publish","type":"page","link":"https:\/\/crownqu.com\/fr\/test\/","title":{"rendered":"test"},"content":{"rendered":"<p>[et_pb_section fb_built=&#8221;1&#8243; theme_builder_area=&#8221;post_content&#8221; _builder_version=&#8221;4.27.0&#8243; _module_preset=&#8221;default&#8221;][et_pb_row _builder_version=&#8221;4.27.0&#8243; _module_preset=&#8221;default&#8221; theme_builder_area=&#8221;post_content&#8221;][et_pb_column _builder_version=&#8221;4.27.0&#8243; _module_preset=&#8221;default&#8221; type=&#8221;4_4&#8243; theme_builder_area=&#8221;post_content&#8221;][et_pb_image src=&#8221;https:\/\/crownqu.com\/wp-content\/uploads\/2024\/06\/p03-bg.jpg&#8221; _builder_version=&#8221;4.27.0&#8243; _module_preset=&#8221;default&#8221; theme_builder_area=&#8221;post_content&#8221; alt=&#8221;p03 bg&#8221; title_text=&#8221;p03-bg&#8221; hover_enabled=&#8221;0&#8243; sticky_enabled=&#8221;0&#8243;][\/et_pb_image][\/et_pb_column][\/et_pb_row][\/et_pb_section][et_pb_section fb_built=&#8221;1&#8243; theme_builder_area=&#8221;post_content&#8221; _builder_version=&#8221;4.27.0&#8243; _module_preset=&#8221;default&#8221;][et_pb_row _builder_version=&#8221;4.27.0&#8243; _module_preset=&#8221;default&#8221; column_structure=&#8221;1_4,1_4,1_4,1_4&#8243; theme_builder_area=&#8221;post_content&#8221;][et_pb_column _builder_version=&#8221;4.27.0&#8243; _module_preset=&#8221;default&#8221; type=&#8221;1_4&#8243; theme_builder_area=&#8221;post_content&#8221;][\/et_pb_column][et_pb_column _builder_version=&#8221;4.27.0&#8243; _module_preset=&#8221;default&#8221; type=&#8221;1_4&#8243; theme_builder_area=&#8221;post_content&#8221;][\/et_pb_column][et_pb_column _builder_version=&#8221;4.27.0&#8243; _module_preset=&#8221;default&#8221; type=&#8221;1_4&#8243; theme_builder_area=&#8221;post_content&#8221;][\/et_pb_column][et_pb_column _builder_version=&#8221;4.27.0&#8243; _module_preset=&#8221;default&#8221; type=&#8221;1_4&#8243; theme_builder_area=&#8221;post_content&#8221;][\/et_pb_column][\/et_pb_row][et_pb_row _builder_version=&#8221;4.27.0&#8243; _module_preset=&#8221;default&#8221; column_structure=&#8221;1_2,1_2&#8243; theme_builder_area=&#8221;post_content&#8221;][et_pb_column _builder_version=&#8221;4.27.0&#8243; _module_preset=&#8221;default&#8221; type=&#8221;1_2&#8243; theme_builder_area=&#8221;post_content&#8221;][et_pb_image src=&#8221;https:\/\/crownqu.com\/wp-content\/uploads\/2024\/06\/category-3-axis-gimbal-stabilizer.webp&#8221; _builder_version=&#8221;4.27.0&#8243; _module_preset=&#8221;default&#8221; theme_builder_area=&#8221;post_content&#8221; alt=&#8221;3 axis gimbal stabilizer&#8221; title_text=&#8221;3-axis-gimbal-stabilizer&#8221; hover_enabled=&#8221;0&#8243; sticky_enabled=&#8221;0&#8243; border_radii=&#8221;on|30px|30px|30px|30px&#8221; custom_padding=&#8221;||||false|false&#8221; custom_margin=&#8221;||||false|false&#8221; transform_styles__hover_enabled=&#8221;on|hover&#8221; transform_scale__hover_enabled=&#8221;on|hover&#8221; transform_translate__hover_enabled=&#8221;on|desktop&#8221; transform_rotate__hover_enabled=&#8221;on|desktop&#8221; transform_skew__hover_enabled=&#8221;on|hover&#8221; transform_origin__hover_enabled=&#8221;on|desktop&#8221; transform_translate_linked__hover=&#8221;off&#8221; transform_translate__hover=&#8221;0px|-20px&#8221; animation_style=&#8221;bounce&#8221; animation_direction=&#8221;bottom&#8221;][\/et_pb_image][et_pb_button button_text=&#8221;klsmfa&#8221; _builder_version=&#8221;4.27.0&#8243; _module_preset=&#8221;default&#8221; theme_builder_area=&#8221;post_content&#8221; custom_button=&#8221;on&#8221; button_text_size=&#8221;21px&#8221; button_text_color=&#8221;#E02B20&#8243; button_border_width=&#8221;2px&#8221; button_border_radius=&#8221;30px&#8221; button_font=&#8221;|700|||||||&#8221; button_icon=&#8221;&#x49;||divi||400&#8243; positioning=&#8221;absolute&#8221; position_origin_a=&#8221;center_center&#8221; vertical_offset=&#8221;206px&#8221; horizontal_offset=&#8221;287px&#8221; hover_enabled=&#8221;0&#8243; sticky_enabled=&#8221;0&#8243; button_bg_color=&#8221;#000000&#8243; button_bg_enable_color=&#8221;on&#8221; button_bg_use_color_gradient=&#8221;on&#8221;][\/et_pb_button][et_pb_text _builder_version=&#8221;4.27.0&#8243; _module_preset=&#8221;default&#8221; theme_builder_area=&#8221;post_content&#8221; header_font=&#8221;|700|||||||&#8221; header_text_align=&#8221;center&#8221; hover_enabled=&#8221;0&#8243; sticky_enabled=&#8221;0&#8243; width=&#8221;100%&#8221; positioning=&#8221;absolute&#8221; vertical_offset=&#8221;50px&#8221; scroll_vertical_motion=&#8221;0|50|50|100|4|0|0&#8243; scroll_vertical_motion_enable=&#8221;on&#8221;]<\/p>\n<h1>Stabilisateur \u00e0 cardan 3 axes<\/h1>\n<p>[\/et_pb_text][\/et_pb_column][et_pb_column _builder_version=&#8221;4.27.0&#8243; _module_preset=&#8221;default&#8221; type=&#8221;1_2&#8243; theme_builder_area=&#8221;post_content&#8221;][et_pb_text _builder_version=&#8221;4.27.0&#8243; _module_preset=&#8221;default&#8221; theme_builder_area=&#8221;post_content&#8221; background_color=&#8221;#E02B20&#8243; hover_enabled=&#8221;0&#8243; sticky_enabled=&#8221;0&#8243; custom_padding=&#8221;||||false|false&#8221; custom_margin=&#8221;||||false|false&#8221;]<\/p>\n<p>Votre contenu se trouve ici. Modifiez ou supprimez ce texte en ligne ou dans les param\u00e8tres du module Contenu. Vous pouvez \u00e9galement styliser tous les aspects de ce contenu dans le module Param\u00e8tres de conception et m\u00eame appliquer un CSS personnalis\u00e9 \u00e0 ce texte dans le module Param\u00e8tres avanc\u00e9s.<\/p>\n<p>[\/et_pb_text][\/et_pb_column][\/et_pb_row][et_pb_row _builder_version=&#8221;4.27.0&#8243; _module_preset=&#8221;default&#8221; theme_builder_area=&#8221;post_content&#8221;][et_pb_column _builder_version=&#8221;4.27.0&#8243; _module_preset=&#8221;default&#8221; type=&#8221;4_4&#8243; theme_builder_area=&#8221;post_content&#8221;][et_pb_text _builder_version=&#8221;4.27.0&#8243; _module_preset=&#8221;default&#8221; theme_builder_area=&#8221;post_content&#8221; header_font=&#8221;|700|||||||&#8221; header_text_align=&#8221;center&#8221; scroll_scaling_enable=&#8221;on&#8221; scroll_scaling=&#8221;0|50|50|100|40%|100|100&#8243; hover_enabled=&#8221;0&#8243; sticky_enabled=&#8221;0&#8243;]<\/p>\n<h1>Galerie vid\u00e9o<\/h1>\n<p>[\/et_pb_text][\/et_pb_column][\/et_pb_row][\/et_pb_section][et_pb_section fb_built=&#8221;1&#8243; theme_builder_area=&#8221;post_content&#8221; specialty=&#8221;on&#8221; _builder_version=&#8221;4.27.0&#8243; _module_preset=&#8221;default&#8221;][et_pb_column type=&#8221;1_2&#8243; theme_builder_area=&#8221;post_content&#8221;][et_pb_image src=&#8221;https:\/\/crownqu.com\/wp-content\/uploads\/2024\/06\/oem-odm-1.jpg&#8221; _builder_version=&#8221;4.27.0&#8243; _module_preset=&#8221;default&#8221; theme_builder_area=&#8221;post_content&#8221; alt=&#8221;oem-odm&#8221; title_text=&#8221;oem-odm&#8221; hover_enabled=&#8221;0&#8243; sticky_enabled=&#8221;0&#8243;][\/et_pb_image][\/et_pb_column][et_pb_column type=&#8221;1_2&#8243; specialty_columns=&#8221;2&#8243; theme_builder_area=&#8221;post_content&#8221;][et_pb_row_inner _builder_version=&#8221;4.27.0&#8243; _module_preset=&#8221;default&#8221; theme_builder_area=&#8221;post_content&#8221;][et_pb_column_inner saved_specialty_column_type=&#8221;1_2&#8243; _builder_version=&#8221;4.27.0&#8243; _module_preset=&#8221;default&#8221; theme_builder_area=&#8221;post_content&#8221;][et_pb_image src=&#8221;https:\/\/crownqu.com\/wp-content\/uploads\/2024\/06\/About-Us-3.jpg&#8221; _builder_version=&#8221;4.27.0&#8243; _module_preset=&#8221;default&#8221; theme_builder_area=&#8221;post_content&#8221; hover_enabled=&#8221;0&#8243; sticky_enabled=&#8221;0&#8243; alt=&#8221;About-Us&#8221; title_text=&#8221;About-Us&#8221;][\/et_pb_image][\/et_pb_column_inner][\/et_pb_row_inner][et_pb_row_inner _builder_version=&#8221;4.27.0&#8243; _module_preset=&#8221;default&#8221; theme_builder_area=&#8221;post_content&#8221;][et_pb_column_inner saved_specialty_column_type=&#8221;1_2&#8243; _builder_version=&#8221;4.27.0&#8243; _module_preset=&#8221;default&#8221; theme_builder_area=&#8221;post_content&#8221;][et_pb_image src=&#8221;https:\/\/crownqu.com\/wp-content\/uploads\/2024\/06\/About-Us-3.jpg&#8221; _builder_version=&#8221;4.27.0&#8243; _module_preset=&#8221;default&#8221; theme_builder_area=&#8221;post_content&#8221; hover_enabled=&#8221;0&#8243; sticky_enabled=&#8221;0&#8243; alt=&#8221;About-Us&#8221; title_text=&#8221;About-Us&#8221;][\/et_pb_image][\/et_pb_column_inner][\/et_pb_row_inner][\/et_pb_column][\/et_pb_section]<\/p>","protected":false},"excerpt":{"rendered":"<p>3-Axis Gimbal StabilizerYour content goes here. Edit or remove this text inline or in the module Content settings. You can also style every aspect of this content in the module Design settings and even apply custom CSS to this text in the module Advanced settings.Video Gallery<\/p>","protected":false},"author":2,"featured_media":0,"parent":0,"menu_order":0,"comment_status":"closed","ping_status":"closed","template":"","meta":{"_et_pb_use_builder":"on","_et_pb_old_content":"","_et_gb_content_width":"","footnotes":""},"class_list":["post-1221","page","type-page","status-publish","hentry"],"_links":{"self":[{"href":"https:\/\/crownqu.com\/fr\/wp-json\/wp\/v2\/pages\/1221","targetHints":{"allow":["GET"]}}],"collection":[{"href":"https:\/\/crownqu.com\/fr\/wp-json\/wp\/v2\/pages"}],"about":[{"href":"https:\/\/crownqu.com\/fr\/wp-json\/wp\/v2\/types\/page"}],"author":[{"embeddable":true,"href":"https:\/\/crownqu.com\/fr\/wp-json\/wp\/v2\/users\/2"}],"replies":[{"embeddable":true,"href":"https:\/\/crownqu.com\/fr\/wp-json\/wp\/v2\/comments?post=1221"}],"version-history":[{"count":12,"href":"https:\/\/crownqu.com\/fr\/wp-json\/wp\/v2\/pages\/1221\/revisions"}],"predecessor-version":[{"id":1238,"href":"https:\/\/crownqu.com\/fr\/wp-json\/wp\/v2\/pages\/1221\/revisions\/1238"}],"wp:attachment":[{"href":"https:\/\/crownqu.com\/fr\/wp-json\/wp\/v2\/media?parent=1221"}],"curies":[{"name":"wp","href":"https:\/\/api.w.org\/{rel}","templated":true}]}}